{"id":27146,"date":"2023-03-21T10:30:03","date_gmt":"2023-03-21T02:30:03","guid":{"rendered":"https:\/\/www.ajfloor.com\/product\/classic-spc-flooirng-88001\/"},"modified":"2023-06-09T16:55:59","modified_gmt":"2023-06-09T08:55:59","slug":"classic-spc-flooirng-88001","status":"publish","type":"product","link":"https:\/\/ajfloor.com\/es\/producto\/classic-spc-flooirng-88001\/","title":{"rendered":"CL\u00c1SICO SPC FLOOIRNG 88001"},"content":{"rendered":"<p>Informaci\u00f3n b\u00e1sica sobre productos<\/p>\n<table border=\"1\">\n<tbody>\n<tr>\n<td>Nombre<\/td>\n<td colspan=\"2\">AJFLOOR Superior Suelos de vinilo<\/td>\n<\/tr>\n<tr>\n<td>Grosor del tablero<\/td>\n<td colspan=\"2\">4.0mm,5.0mm 5.5mm, o personalizado<\/td>\n<\/tr>\n<tr>\n<td>Espesor de la capa de desgaste<\/td>\n<td colspan=\"2\">0,3 mm, 0,5 mm 0,7 mm como normal<\/td>\n<\/tr>\n<tr>\n<td>Textura de la superficie<\/td>\n<td colspan=\"2\">Madera, m\u00e1rmol, piedra, cuero, moqueta, etc.<\/td>\n<\/tr>\n<tr>\n<td>Acabado<\/td>\n<td colspan=\"2\">UV (mate, semimate)<\/td>\n<\/tr>\n<tr>\n<td>Instalaci\u00f3n<\/td>\n<td colspan=\"2\">Sistema Click<\/td>\n<\/tr>\n<tr>\n<td>Plazo de entrega<\/td>\n<td colspan=\"2\">1 mes<\/td>\n<\/tr>\n<tr>\n<td>Dimensi\u00f3n<\/td>\n<td>En pulgadas<\/td>\n<td>mm<\/td>\n<\/tr>\n<tr>\n<td>(O personalizado)<\/td>\n<td>7&#8243; * 36&#8243;<\/td>\n<td>180&#215;915<\/td>\n<\/tr>\n<tr>\n<td rowspan=\"3\"> <\/td>\n<td>7&#8243; * 48&#8243;<\/td>\n<td>183&#215;1220<\/td>\n<\/tr>\n<tr>\n<td>9&#8243; * 36&#8243;<\/td>\n<td>228.6X915<\/td>\n<\/tr>\n<tr>\n<td>9&#8243; * 48&#8243;<\/td>\n<td>228.6X1220<\/td>\n<\/tr>\n<tr>\n<td> <\/td>\n<td>12&#8243; * 24&#8243;<\/td>\n<td>305X610<\/td>\n<\/tr>\n<\/tbody>\n<\/table>\n<p><img decoding=\"async\" loading=\"lazy\" class=\"alignnone wp-image-18168\" src=\"https:\/\/www.ajfloor.com\/wp-content\/uploads\/2023\/03\/601cfa4962c19-300x204.jpg\" alt=\"Tama\u00f1o del suelo SPC\" width=\"443\" height=\"301\" srcset=\"https:\/\/www.ajfloor.com\/wp-content\/uploads\/2023\/03\/601cfa4962c19-300x204.jpg 300w, https:\/\/www.ajfloor.com\/wp-content\/uploads\/2023\/03\/601cfa4962c19.jpg 600w\" sizes=\"(max-width: 443px) 100vw, 443px\" \/><img decoding=\"async\" loading=\"lazy\" class=\"alignnone wp-image-18167\" src=\"https:\/\/www.ajfloor.com\/wp-content\/uploads\/2023\/03\/601cfa5769005-300x204.jpg\" alt=\"spc vinyl tile size\" width=\"445\" height=\"302\" srcset=\"https:\/\/www.ajfloor.com\/wp-content\/uploads\/2023\/03\/601cfa5769005-300x204.jpg 300w, https:\/\/www.ajfloor.com\/wp-content\/uploads\/2023\/03\/601cfa5769005.jpg 600w\" sizes=\"(max-width: 445px) 100vw, 445px\" \/><\/p>\n\n<figure class=\"is-layout-flex wp-block-gallery-1 wp-block-gallery has-nested-images columns-5 is-cropped\">\n<figure class=\"wp-block-image size-large\"><a href=\"https:\/\/www.ajfloor.com\/wp-content\/uploads\/2023\/03\/88001-015&#x94FA;&#x88C5;1.jpg\"><img decoding=\"async\" data-id=\"18239\"  src=\"https:\/\/www.ajfloor.com\/wp-content\/uploads\/2023\/03\/88001-015&#x94FA;&#x88C5;1.jpg\" alt=\"\" class=\"wp-image-18239\"\/><\/a><figcaption class=\"wp-element-caption\">88001-015<\/figcaption><\/figure>\n\n\n<figure class=\"wp-block-image size-large\"><a href=\"https:\/\/www.ajfloor.com\/wp-content\/uploads\/2023\/03\/88001-014&#x94FA;&#x88C5;1.jpg\"><img decoding=\"async\" data-id=\"18238\"  src=\"https:\/\/www.ajfloor.com\/wp-content\/uploads\/2023\/03\/88001-014&#x94FA;&#x88C5;1.jpg\" alt=\"\" class=\"wp-image-18238\"\/><\/a><figcaption class=\"wp-element-caption\">88001-014<\/figcaption><\/figure>\n\n\n<figure class=\"wp-block-image size-large\"><a href=\"https:\/\/www.ajfloor.com\/wp-content\/uploads\/2023\/03\/88001-013&#x94FA;&#x88C5;1.jpg\"><img decoding=\"async\" data-id=\"18237\"  src=\"https:\/\/www.ajfloor.com\/wp-content\/uploads\/2023\/03\/88001-013&#x94FA;&#x88C5;1.jpg\" alt=\"\" class=\"wp-image-18237\"\/><\/a><figcaption class=\"wp-element-caption\">88001-013<\/figcaption><\/figure>\n\n\n<figure class=\"wp-block-image size-large\"><a href=\"https:\/\/www.ajfloor.com\/wp-content\/uploads\/2023\/03\/88001-012&#x94FA;&#x88C5;.jpg\"><img decoding=\"async\" data-id=\"18236\"  src=\"https:\/\/www.ajfloor.com\/wp-content\/uploads\/2023\/03\/88001-012&#x94FA;&#x88C5;.jpg\" alt=\"\" class=\"wp-image-18236\"\/><\/a><figcaption class=\"wp-element-caption\">88001-012<\/figcaption><\/figure>\n\n\n<figure class=\"wp-block-image size-large\"><a href=\"https:\/\/www.ajfloor.com\/wp-content\/uploads\/2023\/03\/88001-011&#x94FA;&#x88C5;.jpg\"><img decoding=\"async\" data-id=\"18235\"  src=\"https:\/\/www.ajfloor.com\/wp-content\/uploads\/2023\/03\/88001-011&#x94FA;&#x88C5;.jpg\" alt=\"\" class=\"wp-image-18235\"\/><\/a><figcaption class=\"wp-element-caption\">88001-011<\/figcaption><\/figure>\n\n\n<figure class=\"wp-block-image size-large\"><a href=\"https:\/\/www.ajfloor.com\/wp-content\/uploads\/2023\/03\/88001-010&#x94FA;&#x88C5;.jpg\"><img decoding=\"async\" data-id=\"18234\"  src=\"https:\/\/www.ajfloor.com\/wp-content\/uploads\/2023\/03\/88001-010&#x94FA;&#x88C5;.jpg\" alt=\"\" class=\"wp-image-18234\"\/><\/a><figcaption class=\"wp-element-caption\">88001-010<\/figcaption><\/figure>\n\n\n<figure class=\"wp-block-image size-large\"><a href=\"https:\/\/www.ajfloor.com\/wp-content\/uploads\/2023\/03\/88001-009&#x94FA;&#x88C5;.jpg\"><img decoding=\"async\" data-id=\"18233\"  src=\"https:\/\/www.ajfloor.com\/wp-content\/uploads\/2023\/03\/88001-009&#x94FA;&#x88C5;.jpg\" alt=\"\" class=\"wp-image-18233\"\/><\/a><figcaption class=\"wp-element-caption\">88001-009<\/figcaption><\/figure>\n\n\n<figure class=\"wp-block-image size-large\"><a href=\"https:\/\/www.ajfloor.com\/wp-content\/uploads\/2023\/03\/88001-008&#x94FA;&#x88C5;.jpg\"><img decoding=\"async\" data-id=\"18232\"  src=\"https:\/\/www.ajfloor.com\/wp-content\/uploads\/2023\/03\/88001-008&#x94FA;&#x88C5;.jpg\" alt=\"\" class=\"wp-image-18232\"\/><\/a><figcaption class=\"wp-element-caption\">88001-008<\/figcaption><\/figure>\n\n\n<figure class=\"wp-block-image size-large\"><a href=\"https:\/\/www.ajfloor.com\/wp-content\/uploads\/2023\/03\/88001-007&#x94FA;&#x88C5;.jpg\"><img decoding=\"async\" data-id=\"18231\"  src=\"https:\/\/www.ajfloor.com\/wp-content\/uploads\/2023\/03\/88001-007&#x94FA;&#x88C5;.jpg\" alt=\"\" class=\"wp-image-18231\"\/><\/a><figcaption class=\"wp-element-caption\">88001-007<\/figcaption><\/figure>\n\n\n<figure class=\"wp-block-image size-large\"><a href=\"https:\/\/www.ajfloor.com\/wp-content\/uploads\/2023\/03\/88001-006&#x94FA;&#x88C5;.jpg\"><img decoding=\"async\" data-id=\"18230\"  src=\"https:\/\/www.ajfloor.com\/wp-content\/uploads\/2023\/03\/88001-006&#x94FA;&#x88C5;.jpg\" alt=\"\" class=\"wp-image-18230\"\/><\/a><figcaption class=\"wp-element-caption\">88001-006<\/figcaption><\/figure><\/figure>\n","protected":false},"excerpt":{"rendered":"<table class=\"spec-table\">\n<tbody>\n<tr>\n<td><\/td>\n<td><\/td>\n<\/tr>\n<tr>\n<td>Material principal<\/td>\n<td>100% material virgen<\/td>\n<\/tr>\n<tr>\n<td>TallaPersonalizada<\/td>\n<td>continuaci\u00f3n<\/td>\n<\/tr>\n<tr>\n<td>espesor<\/td>\n<td>3,5-8 mm<\/td>\n<\/tr>\n<tr>\n<td>capa de desgaste<\/td>\n<td>0,3mm,0,5mm<\/td>\n<\/tr>\n<tr>\n<td>Color<\/td>\n<td>Cualquier Pantone disponible<\/td>\n<\/tr>\n<tr>\n<td>capa inferior<\/td>\n<td>1mm,1.5mm,2mmEVA\/IXPE<\/td>\n<\/tr>\n<tr>\n<td>MOQ<\/td>\n<td>2000 m2<\/td>\n<\/tr>\n<tr>\n<td>Plazo de entrega<\/td>\n<td>25-30 d\u00edas<\/td>\n<\/tr>\n<\/tbody>\n<\/table>\n","protected":false},"featured_media":20809,"comment_status":"open","ping_status":"closed","template":"page-templates\/canvas-scroll.php","meta":{"_gspb_post_css":""},"product_cat":[168],"product_tag":[187],"aioseo_notices":[],"_links":{"self":[{"href":"https:\/\/ajfloor.com\/es\/wp-json\/wp\/v2\/product\/27146"}],"collection":[{"href":"https:\/\/ajfloor.com\/es\/wp-json\/wp\/v2\/product"}],"about":[{"href":"https:\/\/ajfloor.com\/es\/wp-json\/wp\/v2\/types\/product"}],"replies":[{"embeddable":true,"href":"https:\/\/ajfloor.com\/es\/wp-json\/wp\/v2\/comments?post=27146"}],"wp:featuredmedia":[{"embeddable":true,"href":"https:\/\/ajfloor.com\/es\/wp-json\/wp\/v2\/media\/20809"}],"wp:attachment":[{"href":"https:\/\/ajfloor.com\/es\/wp-json\/wp\/v2\/media?parent=27146"}],"wp:term":[{"taxonomy":"product_cat","embeddable":true,"href":"https:\/\/ajfloor.com\/es\/wp-json\/wp\/v2\/product_cat?post=27146"},{"taxonomy":"product_tag","embeddable":true,"href":"https:\/\/ajfloor.com\/es\/wp-json\/wp\/v2\/product_tag?post=27146"}],"curies":[{"name":"wp","href":"https:\/\/api.w.org\/{rel}","templated":true}]}}