{"id":27122,"date":"2023-04-07T15:28:09","date_gmt":"2023-04-07T07:28:09","guid":{"rendered":"https:\/\/www.ajfloor.com\/product\/customized-spc-plank-88011\/"},"modified":"2023-06-09T16:55:57","modified_gmt":"2023-06-09T08:55:57","slug":"customized-spc-plank-88011","status":"publish","type":"product","link":"https:\/\/ajfloor.com\/es\/producto\/customized-spc-plank-88011\/","title":{"rendered":"TABL\u00d3N SPC PERSONALIZADO 88011"},"content":{"rendered":"<p>Informaci\u00f3n b\u00e1sica sobre productos<\/p>\n<table border=\"1\">\n<tbody>\n<tr>\n<td>Nombre<\/td>\n<td colspan=\"2\">AJ FLOOR Suelo vin\u00edlico superior<\/td>\n<\/tr>\n<tr>\n<td>Grosor del tablero<\/td>\n<td colspan=\"2\">4.0mm,5.0mm 5.5mm, o personalizado<\/td>\n<\/tr>\n<tr>\n<td>Espesor de la capa de desgaste<\/td>\n<td colspan=\"2\">0,3 mm, 0,5 mm 0,7 mm como normal<\/td>\n<\/tr>\n<tr>\n<td>Textura de la superficie<\/td>\n<td colspan=\"2\">Madera, m\u00e1rmol, piedra, cuero, moqueta, etc.<\/td>\n<\/tr>\n<tr>\n<td>Acabado<\/td>\n<td colspan=\"2\">UV (mate, semimate)<\/td>\n<\/tr>\n<tr>\n<td>Instalaci\u00f3n<\/td>\n<td colspan=\"2\">Sistema Click<\/td>\n<\/tr>\n<tr>\n<td>Plazo de entrega<\/td>\n<td colspan=\"2\">1 mes<\/td>\n<\/tr>\n<tr>\n<td>Dimensi\u00f3n<\/td>\n<td>En pulgadas<\/td>\n<td>mm<\/td>\n<\/tr>\n<tr>\n<td>(O personalizado)<\/td>\n<td>7&#8243; * 36&#8243;<\/td>\n<td>180&#215;915<\/td>\n<\/tr>\n<tr>\n<td rowspan=\"3\">&nbsp;<\/td>\n<td>7&#8243; * 48&#8243;<\/td>\n<td>183&#215;1220<\/td>\n<\/tr>\n<tr>\n<td>9&#8243; * 36&#8243;<\/td>\n<td>228.6X915<\/td>\n<\/tr>\n<tr>\n<td>9&#8243; * 48&#8243;<\/td>\n<td>228.6X1220<\/td>\n<\/tr>\n<tr>\n<td>&nbsp;<\/td>\n<td>12&#8243; * 24&#8243;<\/td>\n<td>305X610<\/td>\n<\/tr>\n<\/tbody>\n<\/table>\n<p><img decoding=\"async\" loading=\"lazy\" class=\"alignnone wp-image-18168\" src=\"https:\/\/www.ajfloor.com\/wp-content\/uploads\/2023\/03\/601cfa4962c19-300x204.jpg\" alt=\"Tama\u00f1o del suelo SPC\" width=\"443\" height=\"301\" srcset=\"https:\/\/www.ajfloor.com\/wp-content\/uploads\/2023\/03\/601cfa4962c19-300x204.jpg 300w, https:\/\/www.ajfloor.com\/wp-content\/uploads\/2023\/03\/601cfa4962c19.jpg 600w\" sizes=\"(max-width: 443px) 100vw, 443px\" \/><img decoding=\"async\" loading=\"lazy\" class=\"alignnone wp-image-18167\" src=\"https:\/\/www.ajfloor.com\/wp-content\/uploads\/2023\/03\/601cfa5769005-300x204.jpg\" alt=\"spc vinyl tile size\" width=\"445\" height=\"302\" srcset=\"https:\/\/www.ajfloor.com\/wp-content\/uploads\/2023\/03\/601cfa5769005-300x204.jpg 300w, https:\/\/www.ajfloor.com\/wp-content\/uploads\/2023\/03\/601cfa5769005.jpg 600w\" sizes=\"(max-width: 445px) 100vw, 445px\" \/><\/p>\n\n<figure class=\"is-layout-flex wp-block-gallery-1 wp-block-gallery has-nested-images columns-default is-cropped\">\n<figure class=\"wp-block-image size-large\"><img decoding=\"async\" data-id=\"18523\"  src=\"https:\/\/www.ajfloor.com\/wp-content\/uploads\/2023\/04\/88011-001&#x94FA;&#x88C5;.jpg\" alt=\"88011-001\" class=\"wp-image-18523\"\/><figcaption class=\"wp-element-caption\">88011-001<\/figcaption><\/figure>\n\n\n<figure class=\"wp-block-image size-large\"><img decoding=\"async\" data-id=\"18524\"  src=\"https:\/\/www.ajfloor.com\/wp-content\/uploads\/2023\/04\/88011-002&#x94FA;&#x88C5;.jpg\" alt=\"88011-002\" class=\"wp-image-18524\"\/><figcaption class=\"wp-element-caption\">88011-002<\/figcaption><\/figure>\n\n\n<figure class=\"wp-block-image size-large\"><img decoding=\"async\" data-id=\"18525\"  src=\"https:\/\/www.ajfloor.com\/wp-content\/uploads\/2023\/04\/88011-003&#x94FA;&#x88C5;.jpg\" alt=\"88011-003\" class=\"wp-image-18525\"\/><figcaption class=\"wp-element-caption\">88011-003<\/figcaption><\/figure>\n\n\n<figure class=\"wp-block-image size-large\"><img decoding=\"async\" data-id=\"18526\"  src=\"https:\/\/www.ajfloor.com\/wp-content\/uploads\/2023\/04\/88011-004&#x94FA;&#x88C5;.jpg\" alt=\"88011-001\" class=\"wp-image-18526\"\/><figcaption class=\"wp-element-caption\">88011-004<\/figcaption><\/figure>\n\n\n<figure class=\"wp-block-image size-large\"><img decoding=\"async\" data-id=\"18527\"  src=\"https:\/\/www.ajfloor.com\/wp-content\/uploads\/2023\/04\/88011-005&#x94FA;&#x88C5;.jpg\" alt=\"\" class=\"wp-image-18527\"\/><figcaption class=\"wp-element-caption\">88011-005<\/figcaption><\/figure>\n\n\n<figure class=\"wp-block-image size-large\"><img decoding=\"async\" data-id=\"18528\"  src=\"https:\/\/www.ajfloor.com\/wp-content\/uploads\/2023\/04\/88011-006&#x94FA;&#x88C5;.jpg\" alt=\"\" class=\"wp-image-18528\"\/><figcaption class=\"wp-element-caption\">88011-006<\/figcaption><\/figure>\n\n\n<figure class=\"wp-block-image size-large\"><img decoding=\"async\" data-id=\"18529\"  src=\"https:\/\/www.ajfloor.com\/wp-content\/uploads\/2023\/04\/88011-007&#x94FA;&#x88C5;.jpg\" alt=\"\" class=\"wp-image-18529\"\/><figcaption class=\"wp-element-caption\">88011-007<\/figcaption><\/figure>\n\n\n<figure class=\"wp-block-image size-large\"><img decoding=\"async\" data-id=\"18530\"  src=\"https:\/\/www.ajfloor.com\/wp-content\/uploads\/2023\/04\/88011-008&#x94FA;&#x88C5;.jpg\" alt=\"\" class=\"wp-image-18530\"\/><figcaption class=\"wp-element-caption\">88011-008<\/figcaption><\/figure>\n\n\n<figure class=\"wp-block-image size-large\"><img decoding=\"async\" data-id=\"18531\"  src=\"https:\/\/www.ajfloor.com\/wp-content\/uploads\/2023\/04\/88011-009&#x94FA;&#x88C5;.jpg\" alt=\"\" class=\"wp-image-18531\"\/><figcaption class=\"wp-element-caption\">88011-009<\/figcaption><\/figure>\n\n\n<figure class=\"wp-block-image size-large\"><img decoding=\"async\" data-id=\"18532\"  src=\"https:\/\/www.ajfloor.com\/wp-content\/uploads\/2023\/04\/88011-010&#x94FA;&#x88C5;.jpg\" alt=\"\" class=\"wp-image-18532\"\/><figcaption class=\"wp-element-caption\">88011-010<\/figcaption><\/figure>\n\n\n<figure class=\"wp-block-image size-large\"><img decoding=\"async\" data-id=\"18533\"  src=\"https:\/\/www.ajfloor.com\/wp-content\/uploads\/2023\/04\/88011-011&#x94FA;&#x88C5;.jpg\" alt=\"\" class=\"wp-image-18533\"\/><figcaption class=\"wp-element-caption\">88011-011<\/figcaption><\/figure>\n\n\n<figure class=\"wp-block-image size-large\"><img decoding=\"async\" data-id=\"18534\"  src=\"https:\/\/www.ajfloor.com\/wp-content\/uploads\/2023\/04\/88011-012&#x94FA;&#x88C5;.jpg\" alt=\"\" class=\"wp-image-18534\"\/><figcaption class=\"wp-element-caption\">88011-012<\/figcaption><\/figure><\/figure>\n","protected":false},"excerpt":{"rendered":"<table class=\"spec-table\">\n<tbody>\n<tr>\n<td> <\/td>\n<td> <\/td>\n<\/tr>\n<tr>\n<td>Material principal<\/td>\n<td>100% material virgen<\/td>\n<\/tr>\n<tr>\n<td>TallaPersonalizada<\/td>\n<td>continuaci\u00f3n<\/td>\n<\/tr>\n<tr>\n<td>espesor<\/td>\n<td>3,5-8 mm<\/td>\n<\/tr>\n<tr>\n<td>capa de desgaste<\/td>\n<td>0,3mm,0,5mm<\/td>\n<\/tr>\n<tr>\n<td>Color<\/td>\n<td>Cualquier Pantone disponible<\/td>\n<\/tr>\n<tr>\n<td>capa inferior<\/td>\n<td>1mm,1.5mm,2mmEVA\/IXPE<\/td>\n<\/tr>\n<tr>\n<td>MOQ<\/td>\n<td>2000 m2<\/td>\n<\/tr>\n<tr>\n<td>Plazo de entrega<\/td>\n<td>25-30 d\u00edas<\/td>\n<\/tr>\n<\/tbody>\n<\/table>\n","protected":false},"featured_media":22062,"comment_status":"closed","ping_status":"closed","template":"page-templates\/canvas-scroll.php","meta":{"_gspb_post_css":""},"product_cat":[169],"product_tag":[187],"aioseo_notices":[],"_links":{"self":[{"href":"https:\/\/ajfloor.com\/es\/wp-json\/wp\/v2\/product\/27122"}],"collection":[{"href":"https:\/\/ajfloor.com\/es\/wp-json\/wp\/v2\/product"}],"about":[{"href":"https:\/\/ajfloor.com\/es\/wp-json\/wp\/v2\/types\/product"}],"replies":[{"embeddable":true,"href":"https:\/\/ajfloor.com\/es\/wp-json\/wp\/v2\/comments?post=27122"}],"wp:featuredmedia":[{"embeddable":true,"href":"https:\/\/ajfloor.com\/es\/wp-json\/wp\/v2\/media\/22062"}],"wp:attachment":[{"href":"https:\/\/ajfloor.com\/es\/wp-json\/wp\/v2\/media?parent=27122"}],"wp:term":[{"taxonomy":"product_cat","embeddable":true,"href":"https:\/\/ajfloor.com\/es\/wp-json\/wp\/v2\/product_cat?post=27122"},{"taxonomy":"product_tag","embeddable":true,"href":"https:\/\/ajfloor.com\/es\/wp-json\/wp\/v2\/product_tag?post=27122"}],"curies":[{"name":"wp","href":"https:\/\/api.w.org\/{rel}","templated":true}]}}