{"id":27800,"date":"2023-09-08T13:43:03","date_gmt":"2023-09-08T05:43:03","guid":{"rendered":"https:\/\/www.ajfloor.com\/?page_id=27800"},"modified":"2023-12-15T13:56:39","modified_gmt":"2023-12-15T05:56:39","slug":"panel-de-pared-spc","status":"publish","type":"page","link":"https:\/\/ajfloor.com\/es\/panel-de-pared-spc\/","title":{"rendered":"PANEL DE PARED SPC"},"content":{"rendered":"\n<div id=\"gspb_row-id-gsbp-6f7c35ea-c5c1\" class=\"gspb_row gspb_row-id-gsbp-6f7c35ea-c5c1 wp-block-greenshift-blocks-row alignfull gspb_row-id-gsbp-6f7c35ea-c5c1\"><div class=\"gspb_row__content\"> \n<div id=\"gspb_col-id-gsbp-4a9a54b5-aa18\" class=\"gspb_row__col--12 wp-block-greenshift-blocks-row-column  gspb_col-id-gsbp-4a9a54b5-aa18\">\n<p>AJ FLOOR El <a href=\"https:\/\/www.ajfloor.com\/aj-floor-spc-wall-panel\/\" target=\"_blank\" rel=\"noopener\" title=\"AJ FLOOR- PANEL DE PARED SPC\">panel de pared SPC<\/a> es un nuevo tipo de material de decoraci\u00f3n de paredes, hecho de una mezcla de cloruro de polivinilo (PVC) y polvo de piedra, que tiene las ventajas de ser impermeable, ign\u00edfugo, resistente al desgaste y f\u00e1cil de limpiar.<\/p>\n\n\n\n<div id=\"gspb_image-id-gsbp-dfcfe981-3029\" class=\"gspb_image gspb_image-id-gsbp-dfcfe981-3029 wp-block-greenshift-blocks-image\"><img decoding=\"async\" loading=\"lazy\" src=\"https:\/\/www.ajfloor.com\/wp-content\/uploads\/2023\/09\/%E7%BB%93%E6%9E%84.jpg\" data-src=\"\" alt=\"\" width=\"1920\" height=\"1312\"><\/div>\n\n\n\n<p>El grosor del panel de pared SPC AJ FLOOR suele ser de 3mm-5mm y el peso es de unos 6,5kg\/m\u00b2. Gracias a su excelente impermeabilidad, puede utilizarse en entornos h\u00famedos sin preocuparse por el moho, la putrefacci\u00f3n, etc. AJ FLOOR Los paneles de pared SPC tambi\u00e9n son ign\u00edfugos y pueden cumplir los requisitos de diferentes clasificaciones de resistencia al fuego. Los paneles de pared AJ FLOOR SPC son resistentes al desgaste y pueden soportar el uso diario.Los paneles de pared AJ FLOOR SPC son f\u00e1ciles de limpiar, y se pueden limpiar con agua o limpiadores neutros.<\/p>\n\n\n\n<figure class=\"is-layout-flex wp-block-gallery-1 wp-block-gallery has-nested-images columns-default is-cropped\">\n<figure class=\"wp-block-image size-large\"><img decoding=\"async\" loading=\"lazy\" width=\"724\" height=\"1024\" src=\"https:\/\/www.ajfloor.com\/wp-content\/uploads\/2023\/09\/\u5b89\u88c5-724x1024.png\" alt=\"\" class=\"wp-image-27841\" srcset=\"https:\/\/www.ajfloor.com\/wp-content\/uploads\/2023\/09\/\u5b89\u88c5-724x1024.png 724w, https:\/\/www.ajfloor.com\/wp-content\/uploads\/2023\/09\/\u5b89\u88c5-212x300.png 212w, https:\/\/www.ajfloor.com\/wp-content\/uploads\/2023\/09\/\u5b89\u88c5-768x1086.png 768w, https:\/\/www.ajfloor.com\/wp-content\/uploads\/2023\/09\/\u5b89\u88c5-1086x1536.png 1086w, https:\/\/www.ajfloor.com\/wp-content\/uploads\/2023\/09\/\u5b89\u88c5-600x849.png 600w, https:\/\/www.ajfloor.com\/wp-content\/uploads\/2023\/09\/\u5b89\u88c5.png 1241w\" sizes=\"(max-width: 724px) 100vw, 724px\" \/><figcaption class=\"wp-element-caption\">instale<\/figcaption><\/figure>\n\n\n\n<figure class=\"wp-block-image size-large\"><img decoding=\"async\" loading=\"lazy\" width=\"724\" height=\"1024\" src=\"https:\/\/www.ajfloor.com\/wp-content\/uploads\/2023\/09\/\u5c3a\u5bf8-724x1024.png\" alt=\"\" class=\"wp-image-27845\" srcset=\"https:\/\/www.ajfloor.com\/wp-content\/uploads\/2023\/09\/\u5c3a\u5bf8-724x1024.png 724w, https:\/\/www.ajfloor.com\/wp-content\/uploads\/2023\/09\/\u5c3a\u5bf8-212x300.png 212w, https:\/\/www.ajfloor.com\/wp-content\/uploads\/2023\/09\/\u5c3a\u5bf8-768x1086.png 768w, https:\/\/www.ajfloor.com\/wp-content\/uploads\/2023\/09\/\u5c3a\u5bf8-600x848.png 600w, https:\/\/www.ajfloor.com\/wp-content\/uploads\/2023\/09\/\u5c3a\u5bf8.png 843w\" sizes=\"(max-width: 724px) 100vw, 724px\" \/><\/figure>\n\n\n\n<figure class=\"wp-block-image size-large\"><img decoding=\"async\" loading=\"lazy\" width=\"685\" height=\"1024\" src=\"https:\/\/www.ajfloor.com\/wp-content\/uploads\/2023\/09\/\u4f7f\u7528\u573a\u666f-1-685x1024.jpg\" alt=\"\" class=\"wp-image-27853\" srcset=\"https:\/\/www.ajfloor.com\/wp-content\/uploads\/2023\/09\/\u4f7f\u7528\u573a\u666f-1-685x1024.jpg 685w, https:\/\/www.ajfloor.com\/wp-content\/uploads\/2023\/09\/\u4f7f\u7528\u573a\u666f-1-201x300.jpg 201w, https:\/\/www.ajfloor.com\/wp-content\/uploads\/2023\/09\/\u4f7f\u7528\u573a\u666f-1-768x1148.jpg 768w, https:\/\/www.ajfloor.com\/wp-content\/uploads\/2023\/09\/\u4f7f\u7528\u573a\u666f-1-1027x1536.jpg 1027w, https:\/\/www.ajfloor.com\/wp-content\/uploads\/2023\/09\/\u4f7f\u7528\u573a\u666f-1-600x897.jpg 600w, https:\/\/www.ajfloor.com\/wp-content\/uploads\/2023\/09\/\u4f7f\u7528\u573a\u666f-1.jpg 1357w\" sizes=\"(max-width: 685px) 100vw, 685px\" \/><\/figure>\n<\/figure>\n\n\n\n<p>He aqu\u00ed algunas ventajas espec\u00edficas de los paneles de pared SPC (AJ FLOOR):<\/p>\n\n\n\n<p>1.IMPERMEABLE: AJ FLOOR Los paneles de pared SPC tienen un excelente rendimiento a prueba de agua y se pueden utilizar en ambientes h\u00famedos sin preocuparse por el moho y la putrefacci\u00f3n.<\/p>\n\n\n\n<p>2. Fireproof: AJ FLOOR SPC wall panels have fireproof performance and can meet the requirements of Bf1 fire levels.<\/p>\n\n\n\n<p>3.Resistente al desgaste: AJ FLOOR Los paneles de pared SPC son resistentes al desgaste y pueden soportar el desgaste del uso diario.<\/p>\n\n\n\n<p>4.F\u00c1CIL DE LIMPIAR: AJ FLOOR Los paneles de pared SPC son f\u00e1ciles de limpiar y se pueden limpiar con agua o un detergente neutro.<\/p>\n\n\n\n<p>5.Versatilidad: AJ FLOOR Los paneles de pared SPC est\u00e1n disponibles en una amplia gama de colores y patrones para satisfacer las necesidades de diferentes estilos de decoraci\u00f3n.<\/p>\n\n\n\n<p>6.Amplia gama de aplicaciones: AJ FLOOR Los paneles de pared SPC se pueden utilizar en una gran variedad de lugares, como el sal\u00f3n, el dormitorio, la cocina, el ba\u00f1o, etc.<\/p>\n\n\n\n<div id=\"gspb_image-id-gsbp-047ad41c-194d\" class=\"gspb_image gspb_image-id-gsbp-047ad41c-194d wp-block-greenshift-blocks-image\"><img decoding=\"async\" loading=\"lazy\" src=\"https:\/\/www.ajfloor.com\/wp-content\/uploads\/2023\/09\/%E5%A2%99%E6%9D%BF%E5%B0%BA%E5%AF%B8-1.jpg\" data-src=\"\" alt=\"Panel mural SPC\" width=\"1024\" height=\"1024\"><\/div>\n\n\n\n<p>En general, AJ FLOOR los paneles de pared <a href=\"https:\/\/en.wikipedia.org\/wiki\/Vinyl_composition_tile\" title=\"SPC\">SPC<\/a> son un nuevo tipo de material de decoraci\u00f3n de paredes con un excelente rendimiento y una amplia aplicaci\u00f3n.<\/p>\n\n\n\n<div id=\"gspb_button-id-gsbp-ebb7ac22-e0ba\" class=\"gspb_button_wrapper gspb_button-id-gsbp-ebb7ac22-e0ba wp-block-greenshift-blocks-button\"><a class=\"gspb-buttonbox\" href=\"https:\/\/www.ajfloor.com\/es\/categoria-producto\/panel-de-pared-spc\/\" rel=\"noopener\"><span class=\"gspb-buttonbox-textwrap\"><span class=\"gspb-buttonbox-text\"><span class=\"gspb-buttonbox-title\">BUSCAR M\u00c1S COLORES<\/span><\/span><\/span><\/a><\/div>\n<\/div>\n <\/div><\/div>\n","protected":false},"excerpt":{"rendered":"","protected":false},"author":1,"featured_media":28296,"parent":0,"menu_order":0,"comment_status":"closed","ping_status":"closed","template":"","meta":{"_gspb_post_css":"#gspb_image-id-gsbp-047ad41c-194d img,#gspb_image-id-gsbp-dfcfe981-3029 img{vertical-align:top;display:inline-block}.gspb_button-id-gsbp-ebb7ac22-e0ba{display:flex;justify-content:center}.gspb_button-id-gsbp-ebb7ac22-e0ba .gspb-buttonbox-text{display:flex;flex-direction:column}.gspb_button-id-gsbp-ebb7ac22-e0ba>.gspb-buttonbox{display:var(--display, inline-flex);text-align:center;font-family:var(--buttonFontFamily, var(--fontFamily));font-size:var(--buttonFontSize);font-weight:var(--buttonFontWeight);font-style:var(--buttonFontStyle);line-height:var(--buttonLineHeight);letter-spacing:var(--buttonLetterSpacing);text-transform:var(--buttonTextTransform);-webkit-text-decoration:var(--buttonTextDecoration);text-decoration:var(--buttonTextDecoration);color:var(--buttonTextInitialColor);border:var(--button-border);background-color:var(--buttonInitialColor);min-height:var(--buttonMinHeight);appearance:none;user-select:none;border-radius:var(--buttonBorderRadius, 3px);--has-link-decoration:var(--false);padding:var(--button-padding);align-items:center;justify-content:center;position:relative;z-index:0;cursor:pointer;box-sizing:border-box}.gspb_button-id-gsbp-ebb7ac22-e0ba>.gspb-buttonbox:hover{border-color:var(--button-border-hover-color);color:var(--buttonTextHoverColor);background-color:var(--buttonHoverColor)}#gspb_col-id-gsbp-4a9a54b5-aa18.gspb_row__col--12{width:100%}@media (max-width:575.98px){#gspb_col-id-gsbp-4a9a54b5-aa18.gspb_row__col--12{width:100%}}#gspb_row-id-gsbp-6f7c35ea-c5c1.gspb_row{justify-content:space-between;margin-top:0;margin-bottom:0;position:relative;display:flex;flex-wrap:wrap}#gspb_row-id-gsbp-6f7c35ea-c5c1.gspb_row>.gspb_row__content{display:flex;justify-content:space-between;margin:0 auto;width:100%;flex-wrap:wrap}#gspb_row-id-gsbp-6f7c35ea-c5c1.gspb_row div[class^=gspb_row__col]{flex-direction:column;position:relative}#gspb_row-id-gsbp-6f7c35ea-c5c1.gspb_row .gspb_row__col--1,#gspb_row-id-gsbp-6f7c35ea-c5c1.gspb_row .gspb_row__col--10,#gspb_row-id-gsbp-6f7c35ea-c5c1.gspb_row .gspb_row__col--11,#gspb_row-id-gsbp-6f7c35ea-c5c1.gspb_row .gspb_row__col--12,#gspb_row-id-gsbp-6f7c35ea-c5c1.gspb_row .gspb_row__col--2,#gspb_row-id-gsbp-6f7c35ea-c5c1.gspb_row .gspb_row__col--24,#gspb_row-id-gsbp-6f7c35ea-c5c1.gspb_row .gspb_row__col--3,#gspb_row-id-gsbp-6f7c35ea-c5c1.gspb_row .gspb_row__col--4,#gspb_row-id-gsbp-6f7c35ea-c5c1.gspb_row .gspb_row__col--5,#gspb_row-id-gsbp-6f7c35ea-c5c1.gspb_row .gspb_row__col--6,#gspb_row-id-gsbp-6f7c35ea-c5c1.gspb_row .gspb_row__col--7,#gspb_row-id-gsbp-6f7c35ea-c5c1.gspb_row .gspb_row__col--8,#gspb_row-id-gsbp-6f7c35ea-c5c1.gspb_row .gspb_row__col--9{padding:15px min(3vw,20px);box-sizing:border-box}body.gspb-bodyfront #gspb_row-id-gsbp-6f7c35ea-c5c1.gspb_row>.gspb_row__content{width:var(--container-width, 1200px);max-width:var(--normal-container-max-width, 1200px)}"},"blocksy_meta":"","aioseo_notices":[],"_links":{"self":[{"href":"https:\/\/ajfloor.com\/es\/wp-json\/wp\/v2\/pages\/27800"}],"collection":[{"href":"https:\/\/ajfloor.com\/es\/wp-json\/wp\/v2\/pages"}],"about":[{"href":"https:\/\/ajfloor.com\/es\/wp-json\/wp\/v2\/types\/page"}],"author":[{"embeddable":true,"href":"https:\/\/ajfloor.com\/es\/wp-json\/wp\/v2\/users\/1"}],"replies":[{"embeddable":true,"href":"https:\/\/ajfloor.com\/es\/wp-json\/wp\/v2\/comments?post=27800"}],"version-history":[{"count":0,"href":"https:\/\/ajfloor.com\/es\/wp-json\/wp\/v2\/pages\/27800\/revisions"}],"wp:featuredmedia":[{"embeddable":true,"href":"https:\/\/ajfloor.com\/es\/wp-json\/wp\/v2\/media\/28296"}],"wp:attachment":[{"href":"https:\/\/ajfloor.com\/es\/wp-json\/wp\/v2\/media?parent=27800"}],"curies":[{"name":"wp","href":"https:\/\/api.w.org\/{rel}","templated":true}]}}