{"id":26983,"date":"2023-04-09T14:15:54","date_gmt":"2023-04-09T06:15:54","guid":{"rendered":"https:\/\/www.ajfloor.com\/suelos-spc-en-espiga\/"},"modified":"2023-12-15T14:11:53","modified_gmt":"2023-12-15T06:11:53","slug":"suelos-spc-en-espiga","status":"publish","type":"page","link":"https:\/\/ajfloor.com\/es\/suelos-spc-en-espiga\/","title":{"rendered":"SUELOS SPC EN ESPIGA"},"content":{"rendered":"\n<div id=\"gspb_row-id-gsbp-6f7c35ea-c5c1\" class=\"gspb_row gspb_row-id-gsbp-6f7c35ea-c5c1 wp-block-greenshift-blocks-row alignfull gspb_row-id-gsbp-6f7c35ea-c5c1\"><div class=\"gspb_row__content\"> \n<div id=\"gspb_col-id-gsbp-4a9a54b5-aa18\" class=\"gspb_row__col--12 wp-block-greenshift-blocks-row-column  gspb_col-id-gsbp-4a9a54b5-aa18\">\n<p>El piso SPC en espiga, tambi\u00e9n conocido como piso checoslovaco, es un nuevo tipo de piso SPC utilizado para la decoraci\u00f3n de pisos interiores. Utiliza un dise\u00f1o de espiga checoslovaco \u00fanico, que combina m\u00faltiples colores y patrones de baldosas para crear un efecto de espiga hermoso y perfectamente coordinado.<\/p>\n\n\n\n<figure class=\"is-layout-flex wp-block-gallery-1 wp-block-gallery has-nested-images columns-default is-cropped\">\n<figure class=\"wp-block-image size-large\"><img decoding=\"async\" loading=\"lazy\" width=\"819\" height=\"1024\" src=\"https:\/\/www.ajfloor.com\/wp-content\/uploads\/2023\/04\/181569130_4331804010186461_5850270956920473152_n-819x1024.jpg\" alt=\"\" class=\"wp-image-18697\" srcset=\"https:\/\/www.ajfloor.com\/wp-content\/uploads\/2023\/04\/181569130_4331804010186461_5850270956920473152_n-819x1024.jpg 819w, https:\/\/www.ajfloor.com\/wp-content\/uploads\/2023\/04\/181569130_4331804010186461_5850270956920473152_n-240x300.jpg 240w, https:\/\/www.ajfloor.com\/wp-content\/uploads\/2023\/04\/181569130_4331804010186461_5850270956920473152_n-768x960.jpg 768w, https:\/\/www.ajfloor.com\/wp-content\/uploads\/2023\/04\/181569130_4331804010186461_5850270956920473152_n-600x750.jpg 600w, https:\/\/www.ajfloor.com\/wp-content\/uploads\/2023\/04\/181569130_4331804010186461_5850270956920473152_n.jpg 1200w\" sizes=\"(max-width: 819px) 100vw, 819px\" \/><\/figure>\n\n\n<figure class=\"wp-block-image size-large\"><img decoding=\"async\" loading=\"lazy\" width=\"819\" height=\"1024\" src=\"https:\/\/www.ajfloor.com\/wp-content\/uploads\/2023\/04\/181028943_4331804196853109_5737515946160053492_n-819x1024.jpg\" alt=\"\" class=\"wp-image-18698\" srcset=\"https:\/\/www.ajfloor.com\/wp-content\/uploads\/2023\/04\/181028943_4331804196853109_5737515946160053492_n-819x1024.jpg 819w, https:\/\/www.ajfloor.com\/wp-content\/uploads\/2023\/04\/181028943_4331804196853109_5737515946160053492_n-240x300.jpg 240w, https:\/\/www.ajfloor.com\/wp-content\/uploads\/2023\/04\/181028943_4331804196853109_5737515946160053492_n-768x960.jpg 768w, https:\/\/www.ajfloor.com\/wp-content\/uploads\/2023\/04\/181028943_4331804196853109_5737515946160053492_n-600x750.jpg 600w, https:\/\/www.ajfloor.com\/wp-content\/uploads\/2023\/04\/181028943_4331804196853109_5737515946160053492_n.jpg 1200w\" sizes=\"(max-width: 819px) 100vw, 819px\" \/><\/figure>\n\n\n<figure class=\"wp-block-image size-large\"><img decoding=\"async\" loading=\"lazy\" width=\"1024\" height=\"576\" src=\"https:\/\/www.ajfloor.com\/wp-content\/uploads\/2023\/04\/181033743_4331803746853154_1736754212174358083_n-1024x576.jpg\" alt=\"\" class=\"wp-image-18695\" srcset=\"https:\/\/www.ajfloor.com\/wp-content\/uploads\/2023\/04\/181033743_4331803746853154_1736754212174358083_n-1024x576.jpg 1024w, https:\/\/www.ajfloor.com\/wp-content\/uploads\/2023\/04\/181033743_4331803746853154_1736754212174358083_n-300x169.jpg 300w, https:\/\/www.ajfloor.com\/wp-content\/uploads\/2023\/04\/181033743_4331803746853154_1736754212174358083_n-768x432.jpg 768w, https:\/\/www.ajfloor.com\/wp-content\/uploads\/2023\/04\/181033743_4331803746853154_1736754212174358083_n-1536x864.jpg 1536w, https:\/\/www.ajfloor.com\/wp-content\/uploads\/2023\/04\/181033743_4331803746853154_1736754212174358083_n-600x338.jpg 600w, https:\/\/www.ajfloor.com\/wp-content\/uploads\/2023\/04\/181033743_4331803746853154_1736754212174358083_n.jpg 2000w\" sizes=\"(max-width: 1024px) 100vw, 1024px\" \/><\/figure><\/figure>\n\n\n\n<p>Las principales caracter\u00edsticas de los suelos SPC en espiga son las siguientes:<\/p>\n\n\n\n<ol>\n<li>Respetuoso con el medio ambiente: Hecho de material de PVC 100% puro, no t\u00f3xico e inodoro, y no da\u00f1a la salud humana.<\/li>\n\n\n\n<li>Resistencia al desgaste: La superficie est\u00e1 tratada con revestimiento UV, que tiene una excelente resistencia al desgaste, resistencia a los ara\u00f1azos y no se deforma f\u00e1cilmente.<\/li>\n\n\n\n<li>Impermeable: El tratamiento especial a prueba de agua lo hace adecuado para diversos entornos de humedad.<\/li>\n\n\n\n<li>F\u00e1cil de limpiar: La superficie es lisa y no absorbe el polvo, por lo que es f\u00e1cil de limpiar.<\/li>\n\n\n\n<li>Gran estabilidad: El SPC tiene un contenido de piedra pl\u00e1stica de hasta el 70%, lo que le confiere una excelente estabilidad y resistencia.<\/li>\n\n\n\n<li>Fuerte impacto visual: El dise\u00f1o en espiga resulta visualmente atractivo con colores y combinaciones coordinados.<\/li>\n<\/ol>\n\n\n\n<div id=\"gspb_image-id-gsbp-047ad41c-194d\" class=\"gspb_image gspb_image-id-gsbp-047ad41c-194d wp-block-greenshift-blocks-image\"><img decoding=\"async\" loading=\"lazy\" src=\"https:\/\/www.ajfloor.com\/wp-content\/uploads\/2023\/04\/%E4%BA%BA%E5%AD%97%E6%8B%BC%E6%96%B9%E5%BC%8F.jpg\" data-src=\"\" alt=\"\" width=\"934\" height=\"628\"><\/div>\n\n\n\n<p>En resumen, el piso SPC en espiga es un nuevo tipo de piso SPC con excelente rendimiento y dise\u00f1o \u00fanico, adecuado para varias decoraciones de pisos interiores.<\/p>\n\n\n\n<div id=\"gspb_button-id-gsbp-ebb7ac22-e0ba\" class=\"gspb_button_wrapper gspb_button-id-gsbp-ebb7ac22-e0ba wp-block-greenshift-blocks-button\"><a class=\"gspb-buttonbox\" href=\"https:\/\/www.ajfloor.com\/es\/categoria-producto\/piso-spc-en-espiga\/\" rel=\"noopener\"><span class=\"gspb-buttonbox-textwrap\"><span class=\"gspb-buttonbox-text\"><span class=\"gspb-buttonbox-title\">BUSCAR M\u00c1S COLORES<\/span><\/span><\/span><\/a><\/div>\n\n\n\n<figure class=\"is-layout-flex wp-block-gallery-3 wp-block-gallery has-nested-images columns-4 is-cropped\">\n<figure class=\"wp-block-image size-large\"><a href=\"https:\/\/www.ajfloor.com\/es\/producto\/herringbone-spc-flooring-86004\/\"><img decoding=\"async\" loading=\"lazy\" width=\"800\" height=\"800\" src=\"https:\/\/www.ajfloor.com\/wp-content\/uploads\/2023\/04\/86003-3.jpg\" alt=\"\" class=\"wp-image-18597\" srcset=\"https:\/\/www.ajfloor.com\/wp-content\/uploads\/2023\/04\/86003-3.jpg 800w, https:\/\/www.ajfloor.com\/wp-content\/uploads\/2023\/04\/86003-3-300x300.jpg 300w, https:\/\/www.ajfloor.com\/wp-content\/uploads\/2023\/04\/86003-3-150x150.jpg 150w, https:\/\/www.ajfloor.com\/wp-content\/uploads\/2023\/04\/86003-3-768x768.jpg 768w, https:\/\/www.ajfloor.com\/wp-content\/uploads\/2023\/04\/86003-3-600x600.jpg 600w, https:\/\/www.ajfloor.com\/wp-content\/uploads\/2023\/04\/86003-3-100x100.jpg 100w\" sizes=\"(max-width: 800px) 100vw, 800px\" \/><\/a><\/figure>\n\n\n<figure class=\"wp-block-image size-large\"><a href=\"https:\/\/www.ajfloor.com\/es\/producto\/herringbone-spc-flooring-86002\/\"><img decoding=\"async\" loading=\"lazy\" width=\"800\" height=\"800\" src=\"https:\/\/www.ajfloor.com\/wp-content\/uploads\/2023\/04\/86002-4.jpg\" alt=\"\" class=\"wp-image-18591\" srcset=\"https:\/\/www.ajfloor.com\/wp-content\/uploads\/2023\/04\/86002-4.jpg 800w, https:\/\/www.ajfloor.com\/wp-content\/uploads\/2023\/04\/86002-4-300x300.jpg 300w, https:\/\/www.ajfloor.com\/wp-content\/uploads\/2023\/04\/86002-4-150x150.jpg 150w, https:\/\/www.ajfloor.com\/wp-content\/uploads\/2023\/04\/86002-4-768x768.jpg 768w, https:\/\/www.ajfloor.com\/wp-content\/uploads\/2023\/04\/86002-4-600x600.jpg 600w, https:\/\/www.ajfloor.com\/wp-content\/uploads\/2023\/04\/86002-4-100x100.jpg 100w\" sizes=\"(max-width: 800px) 100vw, 800px\" \/><\/a><\/figure>\n\n\n<figure class=\"wp-block-image size-large\"><a href=\"https:\/\/www.ajfloor.com\/es\/producto\/herringbone-spc-flooring-86001\/\"><img decoding=\"async\" loading=\"lazy\" width=\"800\" height=\"800\" src=\"https:\/\/www.ajfloor.com\/wp-content\/uploads\/2023\/04\/86001-5.jpg\" alt=\"\" class=\"wp-image-18581\" srcset=\"https:\/\/www.ajfloor.com\/wp-content\/uploads\/2023\/04\/86001-5.jpg 800w, https:\/\/www.ajfloor.com\/wp-content\/uploads\/2023\/04\/86001-5-300x300.jpg 300w, https:\/\/www.ajfloor.com\/wp-content\/uploads\/2023\/04\/86001-5-150x150.jpg 150w, https:\/\/www.ajfloor.com\/wp-content\/uploads\/2023\/04\/86001-5-768x768.jpg 768w, https:\/\/www.ajfloor.com\/wp-content\/uploads\/2023\/04\/86001-5-600x600.jpg 600w, https:\/\/www.ajfloor.com\/wp-content\/uploads\/2023\/04\/86001-5-100x100.jpg 100w\" sizes=\"(max-width: 800px) 100vw, 800px\" \/><\/a><\/figure>\n\n\n<figure class=\"wp-block-image size-large\"><img decoding=\"async\" loading=\"lazy\" width=\"800\" height=\"800\" src=\"https:\/\/www.ajfloor.com\/wp-content\/uploads\/2023\/04\/8129893.jpg\" alt=\"\" class=\"wp-image-18712\" srcset=\"https:\/\/www.ajfloor.com\/wp-content\/uploads\/2023\/04\/8129893.jpg 800w, https:\/\/www.ajfloor.com\/wp-content\/uploads\/2023\/04\/8129893-300x300.jpg 300w, https:\/\/www.ajfloor.com\/wp-content\/uploads\/2023\/04\/8129893-150x150.jpg 150w, https:\/\/www.ajfloor.com\/wp-content\/uploads\/2023\/04\/8129893-768x768.jpg 768w, https:\/\/www.ajfloor.com\/wp-content\/uploads\/2023\/04\/8129893-600x600.jpg 600w, https:\/\/www.ajfloor.com\/wp-content\/uploads\/2023\/04\/8129893-100x100.jpg 100w\" sizes=\"(max-width: 800px) 100vw, 800px\" \/><\/figure>\n\n\n<figure class=\"wp-block-image size-large\"><img decoding=\"async\" loading=\"lazy\" width=\"800\" height=\"800\" src=\"https:\/\/www.ajfloor.com\/wp-content\/uploads\/2023\/04\/8116027.jpg\" alt=\"\" class=\"wp-image-18713\" srcset=\"https:\/\/www.ajfloor.com\/wp-content\/uploads\/2023\/04\/8116027.jpg 800w, https:\/\/www.ajfloor.com\/wp-content\/uploads\/2023\/04\/8116027-300x300.jpg 300w, https:\/\/www.ajfloor.com\/wp-content\/uploads\/2023\/04\/8116027-150x150.jpg 150w, https:\/\/www.ajfloor.com\/wp-content\/uploads\/2023\/04\/8116027-768x768.jpg 768w, https:\/\/www.ajfloor.com\/wp-content\/uploads\/2023\/04\/8116027-600x600.jpg 600w, https:\/\/www.ajfloor.com\/wp-content\/uploads\/2023\/04\/8116027-100x100.jpg 100w\" sizes=\"(max-width: 800px) 100vw, 800px\" \/><\/figure>\n\n\n<figure class=\"wp-block-image size-large\"><img decoding=\"async\" loading=\"lazy\" width=\"989\" height=\"989\" src=\"https:\/\/www.ajfloor.com\/wp-content\/uploads\/2023\/04\/8116316.jpg\" alt=\"\" class=\"wp-image-18714\" srcset=\"https:\/\/www.ajfloor.com\/wp-content\/uploads\/2023\/04\/8116316.jpg 989w, https:\/\/www.ajfloor.com\/wp-content\/uploads\/2023\/04\/8116316-300x300.jpg 300w, https:\/\/www.ajfloor.com\/wp-content\/uploads\/2023\/04\/8116316-150x150.jpg 150w, https:\/\/www.ajfloor.com\/wp-content\/uploads\/2023\/04\/8116316-768x768.jpg 768w, https:\/\/www.ajfloor.com\/wp-content\/uploads\/2023\/04\/8116316-600x600.jpg 600w, https:\/\/www.ajfloor.com\/wp-content\/uploads\/2023\/04\/8116316-100x100.jpg 100w\" sizes=\"(max-width: 989px) 100vw, 989px\" \/><\/figure>\n\n\n<figure class=\"wp-block-image size-large\"><img decoding=\"async\" loading=\"lazy\" width=\"800\" height=\"800\" src=\"https:\/\/www.ajfloor.com\/wp-content\/uploads\/2023\/04\/8116401.jpg\" alt=\"\" class=\"wp-image-18715\" srcset=\"https:\/\/www.ajfloor.com\/wp-content\/uploads\/2023\/04\/8116401.jpg 800w, https:\/\/www.ajfloor.com\/wp-content\/uploads\/2023\/04\/8116401-300x300.jpg 300w, https:\/\/www.ajfloor.com\/wp-content\/uploads\/2023\/04\/8116401-150x150.jpg 150w, https:\/\/www.ajfloor.com\/wp-content\/uploads\/2023\/04\/8116401-768x768.jpg 768w, https:\/\/www.ajfloor.com\/wp-content\/uploads\/2023\/04\/8116401-600x600.jpg 600w, https:\/\/www.ajfloor.com\/wp-content\/uploads\/2023\/04\/8116401-100x100.jpg 100w\" sizes=\"(max-width: 800px) 100vw, 800px\" \/><\/figure>\n\n\n<figure class=\"wp-block-image size-large\"><img decoding=\"async\" loading=\"lazy\" width=\"800\" height=\"800\" src=\"https:\/\/www.ajfloor.com\/wp-content\/uploads\/2023\/04\/8123400.jpg\" alt=\"\" class=\"wp-image-18716\" srcset=\"https:\/\/www.ajfloor.com\/wp-content\/uploads\/2023\/04\/8123400.jpg 800w, https:\/\/www.ajfloor.com\/wp-content\/uploads\/2023\/04\/8123400-300x300.jpg 300w, https:\/\/www.ajfloor.com\/wp-content\/uploads\/2023\/04\/8123400-150x150.jpg 150w, https:\/\/www.ajfloor.com\/wp-content\/uploads\/2023\/04\/8123400-768x768.jpg 768w, https:\/\/www.ajfloor.com\/wp-content\/uploads\/2023\/04\/8123400-600x600.jpg 600w, https:\/\/www.ajfloor.com\/wp-content\/uploads\/2023\/04\/8123400-100x100.jpg 100w\" sizes=\"(max-width: 800px) 100vw, 800px\" \/><\/figure>\n\n\n<figure class=\"wp-block-image size-large\"><img decoding=\"async\" loading=\"lazy\" width=\"800\" height=\"800\" src=\"https:\/\/www.ajfloor.com\/wp-content\/uploads\/2023\/04\/8123635.jpg\" alt=\"\" class=\"wp-image-18717\" srcset=\"https:\/\/www.ajfloor.com\/wp-content\/uploads\/2023\/04\/8123635.jpg 800w, https:\/\/www.ajfloor.com\/wp-content\/uploads\/2023\/04\/8123635-300x300.jpg 300w, https:\/\/www.ajfloor.com\/wp-content\/uploads\/2023\/04\/8123635-150x150.jpg 150w, https:\/\/www.ajfloor.com\/wp-content\/uploads\/2023\/04\/8123635-768x768.jpg 768w, https:\/\/www.ajfloor.com\/wp-content\/uploads\/2023\/04\/8123635-600x600.jpg 600w, https:\/\/www.ajfloor.com\/wp-content\/uploads\/2023\/04\/8123635-100x100.jpg 100w\" sizes=\"(max-width: 800px) 100vw, 800px\" \/><\/figure>\n\n\n<figure class=\"wp-block-image size-large\"><img decoding=\"async\" loading=\"lazy\" width=\"800\" height=\"800\" src=\"https:\/\/www.ajfloor.com\/wp-content\/uploads\/2023\/04\/8123659.jpg\" alt=\"\" class=\"wp-image-18718\" srcset=\"https:\/\/www.ajfloor.com\/wp-content\/uploads\/2023\/04\/8123659.jpg 800w, https:\/\/www.ajfloor.com\/wp-content\/uploads\/2023\/04\/8123659-300x300.jpg 300w, https:\/\/www.ajfloor.com\/wp-content\/uploads\/2023\/04\/8123659-150x150.jpg 150w, https:\/\/www.ajfloor.com\/wp-content\/uploads\/2023\/04\/8123659-768x768.jpg 768w, https:\/\/www.ajfloor.com\/wp-content\/uploads\/2023\/04\/8123659-600x600.jpg 600w, https:\/\/www.ajfloor.com\/wp-content\/uploads\/2023\/04\/8123659-100x100.jpg 100w\" sizes=\"(max-width: 800px) 100vw, 800px\" \/><\/figure>\n\n\n<figure class=\"wp-block-image size-large\"><img decoding=\"async\" loading=\"lazy\" width=\"969\" height=\"969\" src=\"https:\/\/www.ajfloor.com\/wp-content\/uploads\/2023\/04\/8124488.jpg\" alt=\"\" class=\"wp-image-18719\" srcset=\"https:\/\/www.ajfloor.com\/wp-content\/uploads\/2023\/04\/8124488.jpg 969w, https:\/\/www.ajfloor.com\/wp-content\/uploads\/2023\/04\/8124488-300x300.jpg 300w, https:\/\/www.ajfloor.com\/wp-content\/uploads\/2023\/04\/8124488-150x150.jpg 150w, https:\/\/www.ajfloor.com\/wp-content\/uploads\/2023\/04\/8124488-768x768.jpg 768w, https:\/\/www.ajfloor.com\/wp-content\/uploads\/2023\/04\/8124488-600x600.jpg 600w, https:\/\/www.ajfloor.com\/wp-content\/uploads\/2023\/04\/8124488-100x100.jpg 100w\" sizes=\"(max-width: 969px) 100vw, 969px\" \/><\/figure>\n\n\n<figure class=\"wp-block-image size-large\"><img decoding=\"async\" loading=\"lazy\" width=\"802\" height=\"802\" src=\"https:\/\/www.ajfloor.com\/wp-content\/uploads\/2023\/04\/8124516.jpg\" alt=\"\" class=\"wp-image-18720\" srcset=\"https:\/\/www.ajfloor.com\/wp-content\/uploads\/2023\/04\/8124516.jpg 802w, https:\/\/www.ajfloor.com\/wp-content\/uploads\/2023\/04\/8124516-300x300.jpg 300w, https:\/\/www.ajfloor.com\/wp-content\/uploads\/2023\/04\/8124516-150x150.jpg 150w, https:\/\/www.ajfloor.com\/wp-content\/uploads\/2023\/04\/8124516-768x768.jpg 768w, https:\/\/www.ajfloor.com\/wp-content\/uploads\/2023\/04\/8124516-600x600.jpg 600w, https:\/\/www.ajfloor.com\/wp-content\/uploads\/2023\/04\/8124516-100x100.jpg 100w\" sizes=\"(max-width: 802px) 100vw, 802px\" \/><\/figure>\n\n\n<figure class=\"wp-block-image size-large\"><img decoding=\"async\" loading=\"lazy\" width=\"878\" height=\"878\" src=\"https:\/\/www.ajfloor.com\/wp-content\/uploads\/2023\/04\/8124524.jpg\" alt=\"\" class=\"wp-image-18721\" srcset=\"https:\/\/www.ajfloor.com\/wp-content\/uploads\/2023\/04\/8124524.jpg 878w, https:\/\/www.ajfloor.com\/wp-content\/uploads\/2023\/04\/8124524-300x300.jpg 300w, https:\/\/www.ajfloor.com\/wp-content\/uploads\/2023\/04\/8124524-150x150.jpg 150w, https:\/\/www.ajfloor.com\/wp-content\/uploads\/2023\/04\/8124524-768x768.jpg 768w, https:\/\/www.ajfloor.com\/wp-content\/uploads\/2023\/04\/8124524-600x600.jpg 600w, https:\/\/www.ajfloor.com\/wp-content\/uploads\/2023\/04\/8124524-100x100.jpg 100w\" sizes=\"(max-width: 878px) 100vw, 878px\" \/><\/figure>\n\n\n<figure class=\"wp-block-image size-large\"><img decoding=\"async\" loading=\"lazy\" width=\"800\" height=\"800\" src=\"https:\/\/www.ajfloor.com\/wp-content\/uploads\/2023\/04\/8124555.jpg\" alt=\"\" class=\"wp-image-18722\" srcset=\"https:\/\/www.ajfloor.com\/wp-content\/uploads\/2023\/04\/8124555.jpg 800w, https:\/\/www.ajfloor.com\/wp-content\/uploads\/2023\/04\/8124555-300x300.jpg 300w, https:\/\/www.ajfloor.com\/wp-content\/uploads\/2023\/04\/8124555-150x150.jpg 150w, https:\/\/www.ajfloor.com\/wp-content\/uploads\/2023\/04\/8124555-768x768.jpg 768w, https:\/\/www.ajfloor.com\/wp-content\/uploads\/2023\/04\/8124555-600x600.jpg 600w, https:\/\/www.ajfloor.com\/wp-content\/uploads\/2023\/04\/8124555-100x100.jpg 100w\" sizes=\"(max-width: 800px) 100vw, 800px\" \/><\/figure>\n\n\n<figure class=\"wp-block-image size-large\"><img decoding=\"async\" loading=\"lazy\" width=\"823\" height=\"823\" src=\"https:\/\/www.ajfloor.com\/wp-content\/uploads\/2023\/04\/8124590.jpg\" alt=\"\" class=\"wp-image-18723\" srcset=\"https:\/\/www.ajfloor.com\/wp-content\/uploads\/2023\/04\/8124590.jpg 823w, https:\/\/www.ajfloor.com\/wp-content\/uploads\/2023\/04\/8124590-300x300.jpg 300w, https:\/\/www.ajfloor.com\/wp-content\/uploads\/2023\/04\/8124590-150x150.jpg 150w, https:\/\/www.ajfloor.com\/wp-content\/uploads\/2023\/04\/8124590-768x768.jpg 768w, https:\/\/www.ajfloor.com\/wp-content\/uploads\/2023\/04\/8124590-600x600.jpg 600w, https:\/\/www.ajfloor.com\/wp-content\/uploads\/2023\/04\/8124590-100x100.jpg 100w\" sizes=\"(max-width: 823px) 100vw, 823px\" \/><\/figure>\n\n\n<figure class=\"wp-block-image size-large\"><img decoding=\"async\" loading=\"lazy\" width=\"822\" height=\"822\" src=\"https:\/\/www.ajfloor.com\/wp-content\/uploads\/2023\/04\/8124816.jpg\" alt=\"\" class=\"wp-image-18724\" srcset=\"https:\/\/www.ajfloor.com\/wp-content\/uploads\/2023\/04\/8124816.jpg 822w, https:\/\/www.ajfloor.com\/wp-content\/uploads\/2023\/04\/8124816-300x300.jpg 300w, https:\/\/www.ajfloor.com\/wp-content\/uploads\/2023\/04\/8124816-150x150.jpg 150w, https:\/\/www.ajfloor.com\/wp-content\/uploads\/2023\/04\/8124816-768x768.jpg 768w, https:\/\/www.ajfloor.com\/wp-content\/uploads\/2023\/04\/8124816-600x600.jpg 600w, https:\/\/www.ajfloor.com\/wp-content\/uploads\/2023\/04\/8124816-100x100.jpg 100w\" sizes=\"(max-width: 822px) 100vw, 822px\" \/><\/figure>\n\n\n<figure class=\"wp-block-image size-large\"><img decoding=\"async\" loading=\"lazy\" width=\"800\" height=\"800\" src=\"https:\/\/www.ajfloor.com\/wp-content\/uploads\/2023\/04\/8129813.jpg\" alt=\"\" class=\"wp-image-18725\" srcset=\"https:\/\/www.ajfloor.com\/wp-content\/uploads\/2023\/04\/8129813.jpg 800w, https:\/\/www.ajfloor.com\/wp-content\/uploads\/2023\/04\/8129813-300x300.jpg 300w, https:\/\/www.ajfloor.com\/wp-content\/uploads\/2023\/04\/8129813-150x150.jpg 150w, https:\/\/www.ajfloor.com\/wp-content\/uploads\/2023\/04\/8129813-768x768.jpg 768w, https:\/\/www.ajfloor.com\/wp-content\/uploads\/2023\/04\/8129813-600x600.jpg 600w, https:\/\/www.ajfloor.com\/wp-content\/uploads\/2023\/04\/8129813-100x100.jpg 100w\" sizes=\"(max-width: 800px) 100vw, 800px\" \/><\/figure>\n\n\n<figure class=\"wp-block-image size-large\"><img decoding=\"async\" loading=\"lazy\" width=\"838\" height=\"838\" src=\"https:\/\/www.ajfloor.com\/wp-content\/uploads\/2023\/04\/8129845.jpg\" alt=\"\" class=\"wp-image-18726\" srcset=\"https:\/\/www.ajfloor.com\/wp-content\/uploads\/2023\/04\/8129845.jpg 838w, https:\/\/www.ajfloor.com\/wp-content\/uploads\/2023\/04\/8129845-300x300.jpg 300w, https:\/\/www.ajfloor.com\/wp-content\/uploads\/2023\/04\/8129845-150x150.jpg 150w, https:\/\/www.ajfloor.com\/wp-content\/uploads\/2023\/04\/8129845-768x768.jpg 768w, https:\/\/www.ajfloor.com\/wp-content\/uploads\/2023\/04\/8129845-600x600.jpg 600w, https:\/\/www.ajfloor.com\/wp-content\/uploads\/2023\/04\/8129845-100x100.jpg 100w\" sizes=\"(max-width: 838px) 100vw, 838px\" \/><\/figure><\/figure>\n<\/div>\n <\/div><\/div>\n","protected":false},"excerpt":{"rendered":"","protected":false},"author":1,"featured_media":22979,"parent":0,"menu_order":0,"comment_status":"closed","ping_status":"closed","template":"","meta":{"_gspb_post_css":"#gspb_image-id-gsbp-047ad41c-194d img{vertical-align:top;display:inline-block}.gspb_button-id-gsbp-ebb7ac22-e0ba{display:flex;justify-content:center}.gspb_button-id-gsbp-ebb7ac22-e0ba .gspb-buttonbox-text{display:flex;flex-direction:column}.gspb_button-id-gsbp-ebb7ac22-e0ba>.gspb-buttonbox{display:var(--display, inline-flex);text-align:center;font-family:var(--buttonFontFamily, var(--fontFamily));font-size:var(--buttonFontSize);font-weight:var(--buttonFontWeight);font-style:var(--buttonFontStyle);line-height:var(--buttonLineHeight);letter-spacing:var(--buttonLetterSpacing);text-transform:var(--buttonTextTransform);-webkit-text-decoration:var(--buttonTextDecoration);text-decoration:var(--buttonTextDecoration);color:var(--buttonTextInitialColor);border:var(--button-border);background-color:var(--buttonInitialColor);min-height:var(--buttonMinHeight);appearance:none;user-select:none;border-radius:var(--buttonBorderRadius, 3px);--has-link-decoration:var(--false);padding:var(--button-padding);align-items:center;justify-content:center;position:relative;z-index:0;cursor:pointer;box-sizing:border-box}.gspb_button-id-gsbp-ebb7ac22-e0ba>.gspb-buttonbox:hover{border-color:var(--button-border-hover-color);color:var(--buttonTextHoverColor);background-color:var(--buttonHoverColor)}#gspb_col-id-gsbp-4a9a54b5-aa18.gspb_row__col--12{width:100%}@media (max-width:575.98px){#gspb_col-id-gsbp-4a9a54b5-aa18.gspb_row__col--12{width:100%}}#gspb_row-id-gsbp-6f7c35ea-c5c1.gspb_row{justify-content:space-between;margin-top:0;margin-bottom:0;position:relative;display:flex;flex-wrap:wrap}#gspb_row-id-gsbp-6f7c35ea-c5c1.gspb_row>.gspb_row__content{display:flex;justify-content:space-between;margin:0 auto;width:100%;flex-wrap:wrap}#gspb_row-id-gsbp-6f7c35ea-c5c1.gspb_row div[class^=gspb_row__col]{flex-direction:column;position:relative}#gspb_row-id-gsbp-6f7c35ea-c5c1.gspb_row .gspb_row__col--1,#gspb_row-id-gsbp-6f7c35ea-c5c1.gspb_row .gspb_row__col--10,#gspb_row-id-gsbp-6f7c35ea-c5c1.gspb_row .gspb_row__col--11,#gspb_row-id-gsbp-6f7c35ea-c5c1.gspb_row .gspb_row__col--12,#gspb_row-id-gsbp-6f7c35ea-c5c1.gspb_row .gspb_row__col--2,#gspb_row-id-gsbp-6f7c35ea-c5c1.gspb_row .gspb_row__col--24,#gspb_row-id-gsbp-6f7c35ea-c5c1.gspb_row .gspb_row__col--3,#gspb_row-id-gsbp-6f7c35ea-c5c1.gspb_row .gspb_row__col--4,#gspb_row-id-gsbp-6f7c35ea-c5c1.gspb_row .gspb_row__col--5,#gspb_row-id-gsbp-6f7c35ea-c5c1.gspb_row .gspb_row__col--6,#gspb_row-id-gsbp-6f7c35ea-c5c1.gspb_row .gspb_row__col--7,#gspb_row-id-gsbp-6f7c35ea-c5c1.gspb_row .gspb_row__col--8,#gspb_row-id-gsbp-6f7c35ea-c5c1.gspb_row .gspb_row__col--9{padding:15px min(3vw,20px);box-sizing:border-box}body.gspb-bodyfront #gspb_row-id-gsbp-6f7c35ea-c5c1.gspb_row>.gspb_row__content{width:var(--container-width, 1200px);max-width:var(--normal-container-max-width, 1200px)}"},"blocksy_meta":"","aioseo_notices":[],"_links":{"self":[{"href":"https:\/\/ajfloor.com\/es\/wp-json\/wp\/v2\/pages\/26983"}],"collection":[{"href":"https:\/\/ajfloor.com\/es\/wp-json\/wp\/v2\/pages"}],"about":[{"href":"https:\/\/ajfloor.com\/es\/wp-json\/wp\/v2\/types\/page"}],"author":[{"embeddable":true,"href":"https:\/\/ajfloor.com\/es\/wp-json\/wp\/v2\/users\/1"}],"replies":[{"embeddable":true,"href":"https:\/\/ajfloor.com\/es\/wp-json\/wp\/v2\/comments?post=26983"}],"version-history":[{"count":0,"href":"https:\/\/ajfloor.com\/es\/wp-json\/wp\/v2\/pages\/26983\/revisions"}],"wp:featuredmedia":[{"embeddable":true,"href":"https:\/\/ajfloor.com\/es\/wp-json\/wp\/v2\/media\/22979"}],"wp:attachment":[{"href":"https:\/\/ajfloor.com\/es\/wp-json\/wp\/v2\/media?parent=26983"}],"curies":[{"name":"wp","href":"https:\/\/api.w.org\/{rel}","templated":true}]}}