{"id":26975,"date":"2023-03-08T16:31:26","date_gmt":"2023-03-08T08:31:26","guid":{"rendered":"https:\/\/www.ajfloor.com\/contacto-con-nosotros\/"},"modified":"2024-04-23T09:45:28","modified_gmt":"2024-04-23T01:45:28","slug":"contacto-con-nosotros","status":"publish","type":"page","link":"https:\/\/ajfloor.com\/es\/contacto-con-nosotros\/","title":{"rendered":"Contacto con nosotros"},"content":{"rendered":"\n<h2 id=\"gspb_heading-id-gsbp-30f0a504-5d90\" class=\"gspb_heading gspb_heading-id-gsbp-30f0a504-5d90 \">TODO PARTE DE LOS MATERIALES<\/h2>\n\n<div id=\"gspb_text-id-gsbp-d6d0640b-dfb8\" class=\"gspb_text gspb_text-id-gsbp-d6d0640b-dfb8 \">Si usted est\u00e1 buscando spc proveedores de producci\u00f3n de suelos con una rica experiencia y alta calidad, AJ FLOOR es su mejor opci\u00f3n.<\/div>\n\n<div id=\"gspb_row-id-gsbp-ef06c1fb-bf2c\" class=\"gspb_row gspb_row-id-gsbp-ef06c1fb-bf2c wp-block-greenshift-blocks-row gspb_row-id-gsbp-ef06c1fb-bf2c\"><div class=\"gspb_row__content\"> \n<div id=\"gspb_col-id-gsbp-9fd64a98-5624\" class=\"gspb_row__col--12 wp-block-greenshift-blocks-row-column  gspb_col-id-gsbp-9fd64a98-5624\">\n<p><strong>Consulta<\/strong><\/p>\n\n\n\n<div id=\"gspb_container-id-gsbp-b97a0842-4da2\" class=\"gspb_container gspb_container-gsbp-b97a0842-4da2 wp-block-greenshift-blocks-container\"><div class=\"wpforms-container \" id=\"wpforms-57\"><form id=\"wpforms-form-57\" class=\"wpforms-validate wpforms-form wpforms-ajax-form\" data-formid=\"57\" method=\"post\" enctype=\"multipart\/form-data\" action=\"\/es\/wp-json\/wp\/v2\/pages\/26975\" data-token=\"b0360b66146fd9549ffbf06125bc3b5f\"><noscript class=\"wpforms-error-noscript\">Please enable JavaScript in your browser to complete this form.<\/noscript><div class=\"wpforms-field-container\"><div id=\"wpforms-57-field_1-container\" class=\"wpforms-field wpforms-field-text\" data-field-id=\"1\"><label class=\"wpforms-field-label wpforms-label-hide\" for=\"wpforms-57-field_1\">Name <span class=\"wpforms-required-label\">*<\/span><\/label><input type=\"text\" id=\"wpforms-57-field_1\" class=\"wpforms-field-large wpforms-field-required\" name=\"wpforms[fields][1]\" placeholder=\"Name\" required><\/div><div id=\"wpforms-57-field_15-container\" class=\"wpforms-field wpforms-field-text\" data-field-id=\"15\"><label class=\"wpforms-field-label wpforms-label-hide\" for=\"wpforms-57-field_15\">Country<\/label><input type=\"text\" id=\"wpforms-57-field_15\" class=\"wpforms-field-large\" name=\"wpforms[fields][15]\" placeholder=\"which country are you from\uff1f\" ><\/div><div id=\"wpforms-57-field_2-container\" class=\"wpforms-field wpforms-field-text\" data-field-id=\"2\"><label class=\"wpforms-field-label wpforms-label-hide\" for=\"wpforms-57-field_2\">Email <span class=\"wpforms-required-label\">*<\/span><\/label><input type=\"text\" id=\"wpforms-57-field_2\" class=\"wpforms-field-large wpforms-field-required\" name=\"wpforms[fields][2]\" placeholder=\"Email (We will reply you via email in 24 hours)\" required><\/div><div id=\"wpforms-57-field_3-container\" class=\"wpforms-field wpforms-field-text\" data-field-id=\"3\"><label class=\"wpforms-field-label wpforms-label-hide\" for=\"wpforms-57-field_3\">Phone\/WhastApp\/Wechat <span class=\"wpforms-required-label\">*<\/span><\/label><input type=\"text\" id=\"wpforms-57-field_3\" class=\"wpforms-field-large wpforms-field-required\" name=\"wpforms[fields][3]\" placeholder=\"Phone\/WhastApp\/Wechat (Very important)\" required><\/div><div id=\"wpforms-57-field_4-container\" class=\"wpforms-field wpforms-field-textarea\" data-field-id=\"4\"><label class=\"wpforms-field-label wpforms-label-hide\" for=\"wpforms-57-field_4\">Product Details  <span class=\"wpforms-required-label\">*<\/span><\/label><textarea id=\"wpforms-57-field_4\" class=\"wpforms-field-medium wpforms-field-required\" name=\"wpforms[fields][4]\" placeholder=\"Enter product details such as size, color, materials etc. and other special requirements to receive an accurate qoute.\" required><\/textarea><\/div><\/div><div class=\"wpforms-recaptcha-container wpforms-is-recaptcha\"><div class=\"g-recaptcha\" data-sitekey=\"6LcHSsAhAAAAANCi01WAZoAt4XRRg8uIXtuSSxmT\"><\/div><input type=\"text\" name=\"g-recaptcha-hidden\" class=\"wpforms-recaptcha-hidden\" style=\"position:absolute!important;clip:rect(0,0,0,0)!important;height:1px!important;width:1px!important;border:0!important;overflow:hidden!important;padding:0!important;margin:0!important;\" required><\/div><div class=\"wpforms-submit-container\"><input type=\"hidden\" name=\"wpforms[id]\" value=\"57\"><input type=\"hidden\" name=\"wpforms[author]\" value=\"1\"><button type=\"submit\" name=\"wpforms[submit]\" id=\"wpforms-submit-57\" class=\"wpforms-submit\" data-alt-text=\"Sending...\" data-submit-text=\"Submit\" aria-live=\"assertive\" value=\"wpforms-submit\">Submit<\/button><img src=\"https:\/\/www.ajfloor.com\/wp-content\/plugins\/wpforms-lite\/assets\/images\/submit-spin.svg\" class=\"wpforms-submit-spinner\" style=\"display: none;\" width=\"26\" height=\"26\" alt=\"Loading\"><\/div><\/form><\/div>  <!-- .wpforms-container --><\/div>\n<\/div>\n\n\n\n<div id=\"gspb_col-id-gsbp-be04c362-f625\" class=\"gspb_row__col--12 wp-block-greenshift-blocks-row-column  gspb_col-id-gsbp-be04c362-f625\">\n<div id=\"gspb_container-id-gsbp-0999380f-2e96\" class=\"gspb_container gspb_container-gsbp-0999380f-2e96 wp-block-greenshift-blocks-container\">\n<div class=\"is-layout-constrained wp-block-group has-medium-font-size\">\n<p>\u25b2 Tel: 0086-519-81180766<\/p>\n\n\n\n<p>\u25b2 WhatsApp\/Wechat:<a href=\"https:\/\/wa.me\/8613775068212\" title=\"\">+86-13775068212<\/a><\/p>\n\n\n\n<p>C\u00f3digo postal: 213101<\/p>\n\n\n\n<p>\u25b2 Correo electr\u00f3nico: <a href=\"mailto:info@ajfloor.com\">info@ajfloor.com<\/a><\/p>\n\n\n\n<p>Direcci\u00f3n: No.6 Hengluo Road, Henglin Town, Ciudad de Changzhou, Jiangsu, China<\/p>\n<\/div>\n<\/div>\n\n\n\n<div class=\"is-layout-flex wp-container-4 wp-block-columns\">\n<div class=\"is-layout-flow wp-block-column\">\n<div id=\"gspb_image-id-gsbp-be68bae8-8474\" class=\"gspb_image gspb_image-id-gsbp-be68bae8-8474 wp-block-greenshift-blocks-image\"><img decoding=\"async\" loading=\"lazy\" src=\"https:\/\/www.ajfloor.com\/wp-content\/uploads\/2023\/06\/%E5%94%90%E5%BE%AE%E4%BF%A1-1.jpg\" data-src=\"\" alt=\"\" width=\"503\" height=\"512\"><\/div>\n\n\n\n<p class=\"has-text-align-center\">WeChat<\/p>\n<\/div>\n\n\n\n<div class=\"is-layout-flow wp-block-column\">\n<div id=\"gspb_image-id-gsbp-5b72f5a4-35aa\" class=\"gspb_image gspb_image-id-gsbp-5b72f5a4-35aa wp-block-greenshift-blocks-image\"><img decoding=\"async\" loading=\"lazy\" src=\"https:\/\/www.ajfloor.com\/wp-content\/uploads\/2023\/06\/whatapp_%E5%89%AF%E6%9C%AC.jpg\" data-src=\"\" alt=\"\" width=\"366\" height=\"366\"><\/div>\n\n\n\n<p class=\"has-text-align-center\">WhatsApp<\/p>\n<\/div>\n<\/div>\n<\/div>\n <\/div><\/div>\n","protected":false},"excerpt":{"rendered":"","protected":false},"author":1,"featured_media":21061,"parent":0,"menu_order":0,"comment_status":"closed","ping_status":"closed","template":"","meta":{"_gspb_post_css":"#gspb_heading-id-gsbp-30f0a504-5d90,#gspb_heading-id-gsbp-30f0a504-5d90 .wp-block{font-size:2em;line-height:40px}@media (max-width:575.98px){#gspb_heading-id-gsbp-30f0a504-5d90,#gspb_heading-id-gsbp-30f0a504-5d90 .wp-block{font-size:1.6em}}#gspb_heading-id-gsbp-30f0a504-5d90,#gspb_heading-id-gsbp-30f0a504-5d90 .gsap-g-line,#gspb_heading-id-gsbp-30f0a504-5d90 .wp-block{text-align:center!important}#gspb_heading-id-gsbp-30f0a504-5d90,#gspb_heading-id-gsbp-30f0a504-5d90 .wp-block{font-weight:700!important;color:var(--paletteColor4, #192a3d)}.gspb_text-id-gsbp-d6d0640b-dfb8,.gspb_text-id-gsbp-d6d0640b-dfb8 .wp-block{font-size:1em}.gspb_text-id-gsbp-d6d0640b-dfb8,.gspb_text-id-gsbp-d6d0640b-dfb8 .gsap-g-line,.gspb_text-id-gsbp-d6d0640b-dfb8 .wp-block{text-align:center!important}.gspb_text-id-gsbp-d6d0640b-dfb8,.gspb_text-id-gsbp-d6d0640b-dfb8 .wp-block{color:var(--paletteColor4, #192a3d)}.gspb_text-id-gsbp-d6d0640b-dfb8{margin-bottom:20px}#gspb_container-id-gsbp-b97a0842-4da2.gspb_container{position:relative;flex-direction:column;box-sizing:border-box}#gspb_container-id-gsbp-0999380f-2e96.gspb_container .gspb_container__content,#gspb_container-id-gsbp-b97a0842-4da2.gspb_container .gspb_container__content{margin:auto}#gspb_container-id-gsbp-0999380f-2e96.gspb_container>p:last-of-type,#gspb_container-id-gsbp-b97a0842-4da2.gspb_container>p:last-of-type{margin-bottom:0}#gspb_col-id-gsbp-9fd64a98-5624.gspb_row__col--12{width:100%}@media (max-width:575.98px){#gspb_col-id-gsbp-9fd64a98-5624.gspb_row__col--12{width:100%}}body.gspb-bodyfront #gspb_col-id-gsbp-9fd64a98-5624.gspb_row__col--12{width:50%}@media (max-width:575.98px){body.gspb-bodyfront #gspb_col-id-gsbp-9fd64a98-5624.gspb_row__col--12{width:100%}}#gspb_container-id-gsbp-0999380f-2e96.gspb_container{position:relative;flex-direction:column;box-sizing:border-box}#gspb_col-id-gsbp-be04c362-f625.gspb_row__col--12{width:100%}@media (max-width:575.98px){#gspb_col-id-gsbp-be04c362-f625.gspb_row__col--12{width:100%}}body.gspb-bodyfront #gspb_col-id-gsbp-be04c362-f625.gspb_row__col--12{width:50%}@media (max-width:575.98px){body.gspb-bodyfront #gspb_col-id-gsbp-be04c362-f625.gspb_row__col--12{width:100%}}#gspb_row-id-gsbp-ef06c1fb-bf2c.gspb_row{justify-content:space-between;margin-top:0;margin-bottom:0;position:relative;display:flex;flex-wrap:wrap;padding-top:50px;padding-bottom:50px}#gspb_row-id-gsbp-ef06c1fb-bf2c.gspb_row>.gspb_row__content{display:flex;justify-content:space-between;margin:0 auto;width:100%;flex-wrap:wrap}#gspb_row-id-gsbp-ef06c1fb-bf2c.gspb_row div[class^=gspb_row__col]{flex-direction:column;position:relative}#gspb_row-id-gsbp-ef06c1fb-bf2c.gspb_row .gspb_row__col--1,#gspb_row-id-gsbp-ef06c1fb-bf2c.gspb_row .gspb_row__col--10,#gspb_row-id-gsbp-ef06c1fb-bf2c.gspb_row .gspb_row__col--11,#gspb_row-id-gsbp-ef06c1fb-bf2c.gspb_row .gspb_row__col--12,#gspb_row-id-gsbp-ef06c1fb-bf2c.gspb_row .gspb_row__col--2,#gspb_row-id-gsbp-ef06c1fb-bf2c.gspb_row .gspb_row__col--24,#gspb_row-id-gsbp-ef06c1fb-bf2c.gspb_row .gspb_row__col--3,#gspb_row-id-gsbp-ef06c1fb-bf2c.gspb_row .gspb_row__col--4,#gspb_row-id-gsbp-ef06c1fb-bf2c.gspb_row .gspb_row__col--5,#gspb_row-id-gsbp-ef06c1fb-bf2c.gspb_row .gspb_row__col--6,#gspb_row-id-gsbp-ef06c1fb-bf2c.gspb_row .gspb_row__col--7,#gspb_row-id-gsbp-ef06c1fb-bf2c.gspb_row .gspb_row__col--8,#gspb_row-id-gsbp-ef06c1fb-bf2c.gspb_row .gspb_row__col--9{padding:15px min(3vw,20px);box-sizing:border-box}#gspb_row-id-gsbp-ef06c1fb-bf2c.gspb_row>.gspb_row__content{max-width:900px}body.gspb-bodyfront #gspb_row-id-gsbp-ef06c1fb-bf2c.gspb_row{position:static}"},"blocksy_meta":"","aioseo_notices":[],"_links":{"self":[{"href":"https:\/\/ajfloor.com\/es\/wp-json\/wp\/v2\/pages\/26975"}],"collection":[{"href":"https:\/\/ajfloor.com\/es\/wp-json\/wp\/v2\/pages"}],"about":[{"href":"https:\/\/ajfloor.com\/es\/wp-json\/wp\/v2\/types\/page"}],"author":[{"embeddable":true,"href":"https:\/\/ajfloor.com\/es\/wp-json\/wp\/v2\/users\/1"}],"replies":[{"embeddable":true,"href":"https:\/\/ajfloor.com\/es\/wp-json\/wp\/v2\/comments?post=26975"}],"version-history":[{"count":2,"href":"https:\/\/ajfloor.com\/es\/wp-json\/wp\/v2\/pages\/26975\/revisions"}],"predecessor-version":[{"id":28590,"href":"https:\/\/ajfloor.com\/es\/wp-json\/wp\/v2\/pages\/26975\/revisions\/28590"}],"wp:featuredmedia":[{"embeddable":true,"href":"https:\/\/ajfloor.com\/es\/wp-json\/wp\/v2\/media\/21061"}],"wp:attachment":[{"href":"https:\/\/ajfloor.com\/es\/wp-json\/wp\/v2\/media?parent=26975"}],"curies":[{"name":"wp","href":"https:\/\/api.w.org\/{rel}","templated":true}]}}